{"id":2805,"date":"2022-09-26T09:57:09","date_gmt":"2022-09-26T07:57:09","guid":{"rendered":"https:\/\/cs-additive.de\/brake-pads\/"},"modified":"2023-06-02T10:13:08","modified_gmt":"2023-06-02T08:13:08","slug":"brake-linings","status":"publish","type":"page","link":"https:\/\/cs-additive.de\/en\/brake-linings\/","title":{"rendered":"Brake linings"},"content":{"rendered":"<p>[et_pb_section fb_built=&#8221;1&#8243; disabled_on=&#8221;off|off|off&#8221; admin_label=&#8221;Header Section&#8221; _builder_version=&#8221;4.20.0&#8243; _module_preset=&#8221;default&#8221; background_color=&#8221;#003882&#8243; use_background_color_gradient=&#8221;on&#8221; background_color_gradient_direction=&#8221;319deg&#8221; background_color_gradient_stops=&#8221;#143d58 10%|rgba(20,61,88,0.65) 16%&#8221; background_color_gradient_start=&#8221;rgba(20,61,88,0.65)&#8221; background_color_gradient_end=&#8221;#143d58&#8243; background_image=&#8221;https:\/\/cs-additive.de\/wp-content\/uploads\/2023\/01\/CS-Additive-2023-eGraphit-head4.jpg&#8221; background_blend=&#8221;luminosity&#8221; vertical_offset=&#8221;-83px&#8221; width=&#8221;100%&#8221; min_height=&#8221;490px&#8221; height=&#8221;490px&#8221; max_height=&#8221;603px&#8221; custom_margin=&#8221;||-6px||false|false&#8221; custom_padding=&#8221;11vw|0px|0vw|0px|false|false&#8221; bottom_divider_style=&#8221;mountains2&#8243; bottom_divider_color=&#8221;rgba(5,41,66,0.3)&#8221; bottom_divider_height=&#8221;20vw&#8221; animation_style=&#8221;slide&#8221; animation_direction=&#8221;top&#8221; animation_intensity_slide=&#8221;3%&#8221; animation_starting_opacity=&#8221;100%&#8221; hover_transition_duration=&#8221;350ms&#8221; global_colors_info=&#8221;{}&#8221;][et_pb_row disabled_on=&#8221;off|off|off&#8221; module_class=&#8221; et_pb_row_fullwidth&#8221; _builder_version=&#8221;4.19.4&#8243; _module_preset=&#8221;default&#8221; width=&#8221;89%&#8221; width_tablet=&#8221;80%&#8221; width_phone=&#8221;80%&#8221; width_last_edited=&#8221;on|desktop&#8221; max_width=&#8221;89%&#8221; max_width_tablet=&#8221;80%&#8221; max_width_phone=&#8221;80%&#8221; max_width_last_edited=&#8221;on|desktop&#8221; custom_margin_tablet=&#8221;118px||||false|false&#8221; custom_margin_phone=&#8221;80px||||false|false&#8221; custom_margin_last_edited=&#8221;on|tablet&#8221; custom_padding=&#8221;54px||||false|false&#8221; make_fullwidth=&#8221;on&#8221; global_colors_info=&#8221;{}&#8221;][et_pb_column type=&#8221;4_4&#8243; _builder_version=&#8221;4.16&#8243; _module_preset=&#8221;default&#8221; custom_padding=&#8221;|||&#8221; global_colors_info=&#8221;{}&#8221; custom_padding__hover=&#8221;|||&#8221;][et_pb_text disabled_on=&#8221;off|off|off&#8221; _builder_version=&#8221;4.19.4&#8243; _module_preset=&#8221;default&#8221; text_font=&#8221;Montserrat||||||||&#8221; text_font_size=&#8221;22px&#8221; header_font=&#8221;|600||on|||||&#8221; header_text_align=&#8221;center&#8221; header_font_size=&#8221;6vw&#8221; header_line_height=&#8221;1.5em&#8221; text_orientation=&#8221;center&#8221; background_layout=&#8221;dark&#8221; custom_margin=&#8221;|||&#8221; header_font_size_tablet=&#8221;50px&#8221; header_font_size_phone=&#8221;46px&#8221; header_font_size_last_edited=&#8221;on|desktop&#8221; header_line_height_tablet=&#8221;1.1em&#8221; header_line_height_phone=&#8221;1.2em&#8221; header_line_height_last_edited=&#8221;off|desktop&#8221; global_colors_info=&#8221;{}&#8221;]<\/p>\n<h1>Carbolux-F<\/h1>\n<h3>Our product for your brake pads<\/h3>\n<p>[\/et_pb_text][\/et_pb_column][\/et_pb_row][\/et_pb_section][et_pb_section fb_built=&#8221;1&#8243; admin_label=&#8221;Service Details Section&#8221; _builder_version=&#8221;4.16&#8243; _module_preset=&#8221;default&#8221; custom_margin=&#8221;-84px|||||&#8221; custom_padding=&#8221;3px|0px|77px|0px||&#8221; global_colors_info=&#8221;{}&#8221;][et_pb_row admin_label=&#8221;Service Details Header Row&#8221; _builder_version=&#8221;4.19.4&#8243; _module_preset=&#8221;default&#8221; width=&#8221;76.5%&#8221; custom_margin=&#8221;22px||||false|false&#8221; global_colors_info=&#8221;{}&#8221;][et_pb_column type=&#8221;4_4&#8243; _builder_version=&#8221;4.16&#8243; _module_preset=&#8221;default&#8221; custom_padding=&#8221;|||&#8221; global_colors_info=&#8221;{}&#8221; custom_padding__hover=&#8221;|||&#8221;][et_pb_text admin_label=&#8221;Service Title&#8221; _builder_version=&#8221;4.19.4&#8243; _module_preset=&#8221;bb5389b8-b0ea-4074-8449-d641178cae62&#8243; header_2_font_size=&#8221;38px&#8221; header_2_line_height=&#8221;1.2em&#8221; header_3_font_size=&#8221;29px&#8221; header_2_font_size_tablet=&#8221;32px&#8221; header_2_font_size_phone=&#8221;30px&#8221; header_2_font_size_last_edited=&#8221;on|phone&#8221; global_colors_info=&#8221;{}&#8221;]<\/p>\n<h2>CARBOLUX<span style=\"box-sizing: border-box; margin: 0px; padding: 0px; border: 0px; outline: 0px; font-size: large; text-size-adjust: 100%; vertical-align: baseline; background: transparent;\"><sup><span style=\"font-family: Arial, Helvetica, sans-serif;\">\u00ae<\/span><\/sup><\/span><span style=\"font-family: Arial, Helvetica, sans-serif;\">-F &#8211; <\/span>reliable partner of the European brake lining industry<\/h2>\n<p>[\/et_pb_text][\/et_pb_column][\/et_pb_row][et_pb_row column_structure=&#8221;1_2,1_2&#8243; _builder_version=&#8221;4.19.4&#8243; width=&#8221;76.5%&#8221; global_colors_info=&#8221;{}&#8221;][et_pb_column type=&#8221;1_2&#8243; _builder_version=&#8221;4.16&#8243; custom_padding=&#8221;|||&#8221; global_colors_info=&#8221;{}&#8221; custom_padding__hover=&#8221;|||&#8221;][et_pb_text admin_label=&#8221;Service Intro&#8221; _builder_version=&#8221;4.19.4&#8243; _module_preset=&#8221;default&#8221; text_font=&#8221;||||||||&#8221; text_text_color=&#8221;#5c6e7a&#8221; header_font=&#8221;||||||||&#8221; header_4_line_height=&#8221;1.7em&#8221; max_width=&#8221;1040px&#8221; custom_margin=&#8221;|0px|||false|false&#8221; custom_padding=&#8221;|0px||||&#8221; global_colors_info=&#8221;{}&#8221;]<\/p>\n<p>Durch unser langj\u00e4hriges Know-how bei der Verarbeitung von hochwertigen Kohlenstoffen sind wir seit Jahren verl\u00e4sslicher Partner der europ\u00e4ischen Bremsbelag-Industrie.<\/p>\n<p>Unser Produktportfolio reicht von hochreinen Elektrodengraphit-Qualit\u00e4ten bis hin zu h\u00f6herschwefligen Spezialkoksen.<\/p>\n<p>Die hohen Qualit\u00e4tsanforderungen unserer Kunden an die spezifischen K\u00f6rnungsverteilungen, kontinuierliche Rohstoffquellen und chemische Reinheit erf\u00fcllen wir mit unseren Carbolux\u00ae-F Produkten \u201eMade in Germany\u201c.<\/p>\n<p>[\/et_pb_text][\/et_pb_column][et_pb_column type=&#8221;1_2&#8243; _builder_version=&#8221;4.16&#8243; custom_padding=&#8221;|||&#8221; global_colors_info=&#8221;{}&#8221; custom_padding__hover=&#8221;|||&#8221;][et_pb_image src=&#8221;https:\/\/cs-additive.de\/wp-content\/uploads\/2023\/01\/CS-Additive-2023-01_Bremsbelag-01.gif&#8221; alt=&#8221;High-grade carbons for the brake lining industry&#8221; src_tablet=&#8221;https:\/\/cs-additive.de\/wp-content\/uploads\/2023\/01\/CS-Additive-2023-01_Bremsbelag-01.gif&#8221; src_phone=&#8221;https:\/\/cs-additive.de\/wp-content\/uploads\/2023\/01\/CS-Additive-2023-01_Bremsbelag-01.gif&#8221; src_last_edited=&#8221;on|phone&#8221; align_tablet=&#8221;center&#8221; align_phone=&#8221;&#8221; align_last_edited=&#8221;on|desktop&#8221; _builder_version=&#8221;4.20.1&#8243; transform_scale=&#8221;122%|122%&#8221; transform_scale_tablet=&#8221;122%|122%&#8221; transform_scale_phone=&#8221;122%|122%&#8221; transform_scale_last_edited=&#8221;on|desktop&#8221; transform_translate_tablet=&#8221;&#8221; transform_translate_phone=&#8221;&#8221; transform_translate_last_edited=&#8221;on|tablet&#8221; transform_rotate_tablet=&#8221;&#8221; transform_rotate_phone=&#8221;&#8221; transform_rotate_last_edited=&#8221;on|tablet&#8221; transform_skew_tablet=&#8221;&#8221; transform_skew_phone=&#8221;&#8221; transform_skew_last_edited=&#8221;on|tablet&#8221; transform_origin_tablet=&#8221;&#8221; transform_origin_phone=&#8221;&#8221; transform_origin_last_edited=&#8221;on|tablet&#8221; transform_styles_last_edited=&#8221;on|desktop&#8221; animation_style=&#8221;zoom&#8221; animation_intensity_zoom=&#8221;6%&#8221; transform_styles_tablet=&#8221;&#8221; transform_styles_phone=&#8221;&#8221; locked=&#8221;off&#8221; global_colors_info=&#8221;{}&#8221;][\/et_pb_image][\/et_pb_column][\/et_pb_row][\/et_pb_section]<\/p>\n","protected":false},"excerpt":{"rendered":"<p>Carbolux-F Our product for your brake padsCARBOLUX\u00ae-F &#8211; reliable partner of the European brake lining industryDurch unser langj\u00e4hriges Know-how bei der Verarbeitung von hochwertigen Kohlenstoffen sind wir seit Jahren verl\u00e4sslicher Partner der europ\u00e4ischen Bremsbelag-Industrie. Unser Produktportfolio reicht von hochreinen Elektrodengraphit-Qualit\u00e4ten bis hin zu h\u00f6herschwefligen Spezialkoksen. Die hohen Qualit\u00e4tsanforderungen unserer Kunden an die spezifischen K\u00f6rnungsverteilungen, kontinuierliche [&hellip;]<\/p>\n","protected":false},"author":2,"featured_media":0,"parent":0,"menu_order":0,"comment_status":"closed","ping_status":"closed","template":"","meta":{"_et_pb_use_builder":"on","_et_pb_old_content":"","_et_gb_content_width":"","footnotes":""},"class_list":["post-2805","page","type-page","status-publish","hentry"],"_links":{"self":[{"href":"https:\/\/cs-additive.de\/en\/wp-json\/wp\/v2\/pages\/2805","targetHints":{"allow":["GET"]}}],"collection":[{"href":"https:\/\/cs-additive.de\/en\/wp-json\/wp\/v2\/pages"}],"about":[{"href":"https:\/\/cs-additive.de\/en\/wp-json\/wp\/v2\/types\/page"}],"author":[{"embeddable":true,"href":"https:\/\/cs-additive.de\/en\/wp-json\/wp\/v2\/users\/2"}],"replies":[{"embeddable":true,"href":"https:\/\/cs-additive.de\/en\/wp-json\/wp\/v2\/comments?post=2805"}],"version-history":[{"count":31,"href":"https:\/\/cs-additive.de\/en\/wp-json\/wp\/v2\/pages\/2805\/revisions"}],"predecessor-version":[{"id":4213,"href":"https:\/\/cs-additive.de\/en\/wp-json\/wp\/v2\/pages\/2805\/revisions\/4213"}],"wp:attachment":[{"href":"https:\/\/cs-additive.de\/en\/wp-json\/wp\/v2\/media?parent=2805"}],"curies":[{"name":"wp","href":"https:\/\/api.w.org\/{rel}","templated":true}]}}